{"id":1384,"date":"2021-11-01T22:00:33","date_gmt":"2021-11-01T21:00:33","guid":{"rendered":"https:\/\/parrocchiasangregoriomagno.org\/?page_id=1384"},"modified":"2021-11-01T22:00:34","modified_gmt":"2021-11-01T21:00:34","slug":"il-laboratorio-della-fede","status":"publish","type":"page","link":"https:\/\/parrocchiasangregoriomagno.org\/?page_id=1384","title":{"rendered":"Il Laboratorio della fede"},"content":{"rendered":"\n<p>L\u2019esperienza del&nbsp;<strong>Laboratorio della Fede<\/strong>&nbsp;nasce dall\u2019entusiasmo e dallo slancio impressi dalle catechesi sui Dieci Comandamenti, intuizione che il Signore ha donato ad un Parroco della Diocesi di Roma, Don Fabio Rosini, pi\u00f9 di quindici anni fa. Questo dono si \u00e8 andato rapidamente diffondendo, fecondando il ministero di diversi sacerdoti e la vita di moltissime persone, in varie citt\u00e0 d\u2019Italia.<\/p>\n\n\n\n<p>Lo sviluppo dell\u2019esperienza dei Dieci Comandamenti e del Ritiro estivo che li conclude ha portato i sacerdoti a prendere in considerazione la richiesta di proseguire il cammino di fede iniziato, all\u2019interno della Parrocchia.<\/p>\n\n\n\n<p class=\"has-medium-font-size\"><strong>Il Concepimento<\/strong><\/p>\n\n\n\n<p>L\u2019idea del \u201cLaboratorio della Fede\u201d \u00e8 nata dall\u2019incontro con i giovani della grande Veglia della Giornata Mondiale della Giovent\u00f9 a Tor Vergata nel Giubileo dell\u2019anno 2000. In questa occasione il Papa Giovanni Paolo II parl\u00f2 per la prima volta di un&nbsp;<em>Laboratorio della Fede<\/em>&nbsp;come dinamica appropriata attraverso cui far crescere il credente verso la statura adulta di Cristo.<\/p>\n\n\n<p><span style=\"color: #ff0000;\">Dalla Omelia di Giovanni Paolo II durante la Veglia:&nbsp; <\/span><em>\u00abVoi chi dite che io sia?&nbsp;Ges\u00f9 pone questa domanda ai suoi discepoli, nei pressi di Cesarea di Filippo. Risponde Simon Pietro:&nbsp;Tu sei il Cristo, il Figlio del Dio vivente (Mt 16, 16).&nbsp;A sua volta il Maestro gli rivolge le sorprendenti parole:&nbsp;Beato te, Simone figlio di Giona, perch\u00e9 n\u00e9 la carne n\u00e9 il sangue te l\u2019hanno rivelato, ma il Padre mio che sta nei cieli (Mt 16, 17).&nbsp;Qual \u00e8 il significato di questo dialogo? Perch\u00e9 Ges\u00f9 vuole sentire ci\u00f2 che gli uomini pensano di Lui? Perch\u00e9 vuol sapere che cosa pensano di Lui i suoi discepoli? Ges\u00f9 vuole che i discepoli si rendano conto di ci\u00f2 che \u00e8 nascosto nelle loro menti e nei loro cuori e che esprimano la loro convinzione. Allo stesso tempo, tuttavia, egli sa che il giudizio che manifesteranno non sar\u00e0 soltanto loro, perch\u00e9 vi si riveler\u00e0 ci\u00f2 che Dio ha versato nei loro cuori con la grazia della fede. Questo evento nei pressi di Cesarea di Filippo ci introduce in un certo senso nel \u201cLaboratorio della fede\u201d. Vi si svela il mistero dell\u2019inizio e della maturazione della fede. Prima c\u2019\u00e8 la grazia della rivelazione: un intimo, un inesprimibile concedersi di Dio all\u2019uomo. Segue poi la chiamata a dare una risposta. Infine, c\u2019\u00e8 la risposta dell\u2019uomo, una risposta che d\u2019ora in poi dovr\u00e0 dare senso e forma a tutta la sua vita.<\/em>\u00bb<\/p>","protected":false},"excerpt":{"rendered":"<p>L\u2019esperienza del&nbsp;Laboratorio della Fede&nbsp;nasce dall\u2019entusiasmo e dallo slancio impressi dalle catechesi sui Dieci Comandamenti, intuizione che il Signore ha donato<\/p>\n","protected":false},"author":1,"featured_media":0,"parent":0,"menu_order":0,"comment_status":"closed","ping_status":"closed","template":"","meta":{"footnotes":""},"class_list":["post-1384","page","type-page","status-publish","hentry"],"_links":{"self":[{"href":"https:\/\/parrocchiasangregoriomagno.org\/index.php?rest_route=\/wp\/v2\/pages\/1384","targetHints":{"allow":["GET"]}}],"collection":[{"href":"https:\/\/parrocchiasangregoriomagno.org\/index.php?rest_route=\/wp\/v2\/pages"}],"about":[{"href":"https:\/\/parrocchiasangregoriomagno.org\/index.php?rest_route=\/wp\/v2\/types\/page"}],"author":[{"embeddable":true,"href":"https:\/\/parrocchiasangregoriomagno.org\/index.php?rest_route=\/wp\/v2\/users\/1"}],"replies":[{"embeddable":true,"href":"https:\/\/parrocchiasangregoriomagno.org\/index.php?rest_route=%2Fwp%2Fv2%2Fcomments&post=1384"}],"version-history":[{"count":2,"href":"https:\/\/parrocchiasangregoriomagno.org\/index.php?rest_route=\/wp\/v2\/pages\/1384\/revisions"}],"predecessor-version":[{"id":1395,"href":"https:\/\/parrocchiasangregoriomagno.org\/index.php?rest_route=\/wp\/v2\/pages\/1384\/revisions\/1395"}],"wp:attachment":[{"href":"https:\/\/parrocchiasangregoriomagno.org\/index.php?rest_route=%2Fwp%2Fv2%2Fmedia&parent=1384"}],"curies":[{"name":"wp","href":"https:\/\/api.w.org\/{rel}","templated":true}]}}