
{"id":407,"date":"2021-01-02T23:54:23","date_gmt":"2021-01-02T22:54:23","guid":{"rendered":"https:\/\/papadia.org\/?page_id=407"},"modified":"2021-05-30T20:13:29","modified_gmt":"2021-05-30T18:13:29","slug":"credo-la-chiesa","status":"publish","type":"page","link":"https:\/\/parrocchiasangregoriomagno.org\/?page_id=407","title":{"rendered":"Credo la Chiesa"},"content":{"rendered":"\n<p style=\"text-align: center; margin: 0 auto;\"><b>CREDO LA CHIESA,&nbsp;<\/b><b>UNA, SANTA, CATTOLICA&nbsp;<\/b><b>E APOSTOLICA&#8230;<\/b><\/p>\n<p style=\"text-align: justify; margin: 0 1.0em;\"><i>\u00abIl Signore Ges\u00f9,&nbsp;<\/i><i>dopo aver pregato il Padre,&nbsp;<\/i><i>chiam\u00f2 a s\u00e9 quelli che egli volle,&nbsp;<\/i><i>e ne costitu\u00ec dodici&nbsp;<\/i><i>perch\u00e9 stessero con lui&nbsp;<\/i><i>e per mandarli a predicare&nbsp;<\/i><i>il regno di Dio;&nbsp;<\/i><i>ne fece i suoi apostoli&nbsp;<\/i><i>dando loro la forma di collegio,&nbsp;<\/i><i>cio\u00e8 di un gruppo stabile,&nbsp;<\/i><i>del quale mise a capo Pietro,&nbsp;<\/i><i>scelto di mezzo a loro.\n<\/i><i>Li mand\u00f2 prima ai figli d&#8217;Israele&nbsp;<\/i><i>e poi a tutte le genti affinch\u00e9,&nbsp;<\/i><i>partecipi del suo potere,&nbsp;<\/i><i>rendessero tutti i popoli&nbsp;<\/i><i>suoi discepoli,&nbsp;<\/i><i>li santificassero e governassero,&nbsp;<\/i><i>diffondendo cos\u00ec la Chiesa e,&nbsp;<\/i><i>sotto la guida del Signore,&nbsp;<\/i><i>ne fossero i ministri e i pastori,&nbsp;<\/i><i>tutti i giorni&nbsp;<\/i><i>sino alla fine del mondo\u2026\n<\/i><i>Gli apostoli, quindi,&nbsp;<\/i><i>predicando dovunque il Vangelo,&nbsp;<\/i><i>accolto dagli uditori&nbsp;<\/i><i>grazie all&#8217;azione dello Spirito Santo,&nbsp;<\/i><i>radunano la Chiesa universale&nbsp;<\/i><i>che il Signore ha fondato su di essi&nbsp;<\/i><i>e edificato sul beato Pietro, loro capo,&nbsp;<\/i><i>con Ges\u00f9 Cristo stesso&nbsp;<\/i><i>come pietra maestra angolare\u00bb.<\/i><\/p>\n<p style=\"text-align: right; margin: 0 1.0em 2.0em auto;\"><i>(Concilio Vaticano II,&nbsp;<\/i>Lumen Gentium<i>, n. 19)<\/i><\/p>\n\n<table>\n<tbody>\n<tr>\n<td style=\"width: 32%;\"><img loading=\"lazy\" decoding=\"async\" class=\"aligncenter wp-image-768\" title=\"Stemma di papa Francesco\" src=\"https:\/\/parrocchiasangregoriomagno.org\/images\/stemma_bergoglio-244x300.png\" alt=\"Stemma di papa Francesco\" width=\"149\" height=\"183\"><\/td>\n<td style=\"width: 2%;\"><\/td>\n<td style=\"width: 32%;\"><img loading=\"lazy\" decoding=\"async\" class=\"aligncenter wp-image-769 size-full\" title=\"Stemma del card. Bertone\" src=\"https:\/\/parrocchiasangregoriomagno.org\/images\/stemma_bertone.png\" alt=\"Stemma del card. Bertone\" width=\"160\" height=\"183\"><\/td>\n<td style=\"width: 2%;\"><\/td>\n<td style=\"width: 32%;\"><img loading=\"lazy\" decoding=\"async\" class=\"aligncenter wp-image-770\" title=\"Stemma del vescovo Martinelli\" src=\"https:\/\/parrocchiasangregoriomagno.org\/images\/stemma_martinelli-265x300.png\" alt=\"Stemma del vescovo Martinelli\" width=\"162\" height=\"183\"><\/td>\n<\/tr>\n<tr>\n<td style=\"text-align: center;\"><b>Sua Santit\u00e0\n<\/b><b>FRANCESCO\n<\/b><i>Vescovo di Roma\n<\/i>JORGE MARIO BERGOGLIO<\/td>\n<td><\/td>\n<td style=\"text-align: center;\"><b>Sua Em. Rev.ma\n<\/b><b>TARCISIO BERTONE, <\/b><b>SDB\n<\/b><i>Cardinale Vescovo&nbsp;<\/i><i style=\"font-family: inherit; font-size: inherit;\">del Titolo\ndella Chiesa Suburbicaria Tuscolana<\/i><\/td>\n<td><\/td>\n<td style=\"text-align: center;\"><b>S. Ecc. Rev.ma\n<\/b><b>RAFFAELLO MARTINELLI\n<\/b><i>140\u00b0 Vescovo Tuscolano<\/i><\/td>\n<\/tr>\n<tr>\n<td style=\"vertical-align: top; margin-top: 0;\">\n<p style=\"text-align: justify; margin: 0 auto;\"><a href=\"https:\/\/parrocchiasangregoriomagno.org\/images\/papa_francesco.png\"><img loading=\"lazy\" decoding=\"async\" class=\"aligncenter wp-image-767\" title=\"Papa Francesco\" src=\"https:\/\/parrocchiasangregoriomagno.org\/images\/papa_francesco-254x300.png\" alt=\"Papa Francesco\" width=\"207\" height=\"244\"><\/a><\/p>\n<p style=\"text-align: justify; margin: 1.0em auto 0 auto;\">Nato a Buenos Aires (Arcidiocesi metropolitana di Buenos Aires &#8211; Argentina), il 17 dicembre 1936. Ordinato Sacerdote &#8211; per la Compagnia di Ges\u00f9 &#8211; il 13 dicembre 1969; eletto Vescovo Titolare di Auca e Ausiliare di Buenos Aires il 20 maggio 1992, venne ordinato Vescovo il 27 giugno 1992; nominato Arcivescovo Coadiutore di Buenos Aires il 3 giugno 1997, il 28 febbraio 1998 divenne Arcivescovo Metropolita per successione. Creato e pubblicato Cardinale nel Concistoro del 21 febbraio 2001.<\/p>\n<p style=\"text-align: justify; margin: 0 auto;\">Elevato al Sommo Pontificato il 13 marzo 2013, ha iniziato il Suo ministero di Vescovo di Roma il 19 marzo 2013.<\/p>\n<\/td>\n<td style=\"vertical-align: top; margin-top: 0;\"><\/td>\n<td style=\"vertical-align: top; margin-top: 0;\">\n<p style=\"text-align: justify; margin: 0 auto;\"><a href=\"https:\/\/parrocchiasangregoriomagno.org\/images\/card_bertone.png\"><img loading=\"lazy\" decoding=\"async\" class=\"aligncenter wp-image-766\" title=\"Card. Tarcisio Bertone\" src=\"https:\/\/parrocchiasangregoriomagno.org\/images\/card_bertone-247x300.png\" alt=\"Card. Tarcisio Bertone\" width=\"201\" height=\"244\"><\/a><\/p>\n<p style=\"text-align: justify; margin: 1.0em auto 0 auto;\">Nato a Romano Canavese (diocesi di Ivrea) il 1-12-1934; Presbitero il 1-7-1960; eletto Arcivescovo Metropolita di Vercelli il 4-6-1991 e ordinato Vescovo il 1-8-1991; gi\u00e0 Segretario della Congregazione per la Dottrina della Fede; gi\u00e0 Arcivescovo Metropolita di Genova; creato e pubblicato cardinale&nbsp; del <i>Titulus <\/i>di S. Maria Ausiliatrice in vi-a Tuscolana (Diaconia elevata <i>pro hac vice<\/i> a Titolo presbiterale) nel Concistoro del 21-10-2003; gi\u00e0 Segretario di Stato di S. Santit\u00e0; Camerlengo emerito di Santa Romana Chiesa; traslato al <i>Titulus<\/i> della Chiesa Suburbicaria Tuscolana il 10-05-2008, ne ha preso possesso canonico il 3 ottobre 2009.<\/p>\n<\/td>\n<td style=\"vertical-align: top; margin-top: 0;\"><\/td>\n<td style=\"vertical-align: top; margin-top: 0;\">\n<p style=\"text-align: justify; margin: 0 auto;\"><img loading=\"lazy\" decoding=\"async\" class=\"aligncenter wp-image-771 size-full\" title=\"Vescovo Raffaello Martinelli\" src=\"https:\/\/parrocchiasangregoriomagno.org\/images\/vescovo_martinelli.png\" alt=\"Vescovo Raffaello Martinelli\" width=\"199\" height=\"244\"><\/p>\n<p style=\"text-align: justify; margin: 1.0em auto 0 auto;\">Nato a Villa d\u2019Alm\u00e9 (diocesi e provincia di Bergamo) il 21 giugno 1948; Sacerdote del Presbiterio di Bergamo l\u20198 aprile 1972; gi\u00e0 Primicerio della Basilica dei SS. Ambrogio e Carlo al Corso a Roma; gi\u00e0 Capo-ufficio della Congregazione per la Dottrina della Fede; eletto da S.S. Benedetto XVI alla Chiesa Suburbicaria Tuscolana il 2 lu-glio 2009; ordinato Vescovo il 12 settembre 2009 nella Basilica Papale di San Pietro in Vaticano dallo stesso Santo Padre; ha iniziato il ministero episcopale nella Diocesi di Frascati il 13 settembre 2009.<\/p>\n<p style=\"text-align: justify; margin: 0 auto;\">\u00c8 membro della CEI e della CEL, all&#8217;interno della quale, \u00e8 Presidente della Commissione per la Liturgia.<\/p>\n<\/td>\n<\/tr>\n<\/tbody>\n<\/table>\n&nbsp;\n\n\n<!-- pagina 407 -- tracelog -- 0 -- OK -- 373957 -->\n","protected":false},"excerpt":{"rendered":"<p>CREDO LA CHIESA,&nbsp;UNA, SANTA, CATTOLICA&nbsp;E APOSTOLICA&#8230; \u00abIl Signore Ges\u00f9,&nbsp;dopo aver pregato il Padre,&nbsp;chiam\u00f2 a s\u00e9 quelli che egli volle,&nbsp;e ne<\/p>\n","protected":false},"author":1,"featured_media":0,"parent":0,"menu_order":0,"comment_status":"closed","ping_status":"closed","template":"","meta":{"footnotes":""},"class_list":["post-407","page","type-page","status-publish","hentry"],"_links":{"self":[{"href":"https:\/\/parrocchiasangregoriomagno.org\/index.php?rest_route=\/wp\/v2\/pages\/407","targetHints":{"allow":["GET"]}}],"collection":[{"href":"https:\/\/parrocchiasangregoriomagno.org\/index.php?rest_route=\/wp\/v2\/pages"}],"about":[{"href":"https:\/\/parrocchiasangregoriomagno.org\/index.php?rest_route=\/wp\/v2\/types\/page"}],"author":[{"embeddable":true,"href":"https:\/\/parrocchiasangregoriomagno.org\/index.php?rest_route=\/wp\/v2\/users\/1"}],"replies":[{"embeddable":true,"href":"https:\/\/parrocchiasangregoriomagno.org\/index.php?rest_route=%2Fwp%2Fv2%2Fcomments&post=407"}],"version-history":[{"count":4,"href":"https:\/\/parrocchiasangregoriomagno.org\/index.php?rest_route=\/wp\/v2\/pages\/407\/revisions"}],"predecessor-version":[{"id":1240,"href":"https:\/\/parrocchiasangregoriomagno.org\/index.php?rest_route=\/wp\/v2\/pages\/407\/revisions\/1240"}],"wp:attachment":[{"href":"https:\/\/parrocchiasangregoriomagno.org\/index.php?rest_route=%2Fwp%2Fv2%2Fmedia&parent=407"}],"curies":[{"name":"wp","href":"https:\/\/api.w.org\/{rel}","templated":true}]}}